{"id":12,"date":"2019-12-10T05:03:33","date_gmt":"2019-12-10T05:03:33","guid":{"rendered":"https:\/\/doctormiguelblas.com\/?page_id=12"},"modified":"2023-05-22T10:32:01","modified_gmt":"2023-05-22T16:32:01","slug":"especialista-en-coloproctologia-cirujano-de-colon-y-recto-cirujano-general-cirujano-de-minima-invasion","status":"publish","type":"page","link":"https:\/\/doctormiguelblas.com\/en_US\/","title":{"rendered":"Coloproctologist"},"content":{"rendered":"<div class=\"contact\">\n<h5><a name=\"contactame\" alt=\"cont\u00e1ctame\">Cont\u00e1ctame<\/a><\/h5>\n<div class=\"container\">\n<p>Para obtener mayor informaci\u00f3n, agendar una cita m\u00e9dica para primer diagn\u00f3stico, escr\u00edbeme por e-mail o ll\u00e1mame por tel\u00e9fono<\/p>\n<div class=\"row\">\n<div class=\"col-12 col-sm-6 telephone-box text-right\">\n<div class=\"content display-inline-block\">\n<p><a href=\"tel:+52 1 55 1903-2437\" alt=\"llama al n\u00famero +52 1 55 1903-2437\"><span class=\"icon icon-call\"><\/span> <b>+52 1 55 1903-2437<\/b><\/a><\/p>\n<div class=\"white-space\"><\/div>\n<p><a href=\"tel:+52 55 5568-0302\" alt=\"llama al n\u00famero +52 55 5568-0302\"><span class=\"icon icon-call\"><\/span> <b>+52 55 5568-0302<\/b><\/a><\/p>\n<div class=\"white-space\"><\/div>\n<p><a href=\"tel:+52 55 5135-4174\" alt=\"llama al n\u00famero +52 55 5135-4174\"><span class=\"icon icon-call\"><\/span> <b>+52 55 5135-4174<\/b><\/a><\/p>\n<\/div>\n<\/div>\n<div class=\"col-12 col-sm-6 form-contact-box order-first\">\n<div class=\"content\">\n<div class=\"wpcf7 no-js\" id=\"wpcf7-f5-o1\" lang=\"es-MX\" dir=\"ltr\" data-wpcf7-id=\"5\">\n<div class=\"screen-reader-response\"><p role=\"status\" aria-live=\"polite\" aria-atomic=\"true\"><\/p> <ul><\/ul><\/div>\n<form action=\"\/en_US\/wp-json\/wp\/v2\/pages\/12#wpcf7-f5-o1\" method=\"post\" class=\"wpcf7-form init\" aria-label=\"Formulario de contacto\" novalidate=\"novalidate\" data-status=\"init\">\n<fieldset class=\"hidden-fields-container\"><input type=\"hidden\" name=\"_wpcf7\" value=\"5\" \/><input type=\"hidden\" name=\"_wpcf7_version\" value=\"6.1.4\" \/><input type=\"hidden\" name=\"_wpcf7_locale\" value=\"es_MX\" \/><input type=\"hidden\" name=\"_wpcf7_unit_tag\" value=\"wpcf7-f5-o1\" \/><input type=\"hidden\" name=\"_wpcf7_container_post\" value=\"0\" \/><input type=\"hidden\" name=\"_wpcf7_posted_data_hash\" value=\"\" \/><input type=\"hidden\" name=\"_wpcf7_recaptcha_response\" value=\"\" \/>\n<\/fieldset>\n<div class=\"field\">\n\t<p class=\"label\"><label> Nombre<sup>*<\/sup><\/label>\n\t<\/p>\n\t<div class=\"input\">\n\t\t<p><span class=\"wpcf7-form-control-wrap\" data-name=\"your-name\"><input size=\"40\" maxlength=\"400\" class=\"wpcf7-form-control wpcf7-text wpcf7-validates-as-required\" aria-required=\"true\" aria-invalid=\"false\" value=\"Escribe tu nombre aqu\u00ed\" type=\"text\" name=\"your-name\" \/><\/span>\n\t\t<\/p>\n\t<\/div>\n<\/div>\n<div class=\"field\">\n\t<p class=\"label\"><label> Email<sup>*<\/sup><\/label>\n\t<\/p>\n\t<div class=\"input\">\n\t\t<p><span class=\"wpcf7-form-control-wrap\" data-name=\"your-email\"><input size=\"40\" maxlength=\"400\" class=\"wpcf7-form-control wpcf7-email wpcf7-validates-as-required wpcf7-text wpcf7-validates-as-email\" aria-required=\"true\" aria-invalid=\"false\" value=\"Escribe tu correo aqu\u00ed\" type=\"email\" name=\"your-email\" \/><\/span>\n\t\t<\/p>\n\t<\/div>\n<\/div>\n<div class=\"field\">\n\t<p class=\"label\"><label> Tel\u00e9fono<sup>*<\/sup><\/label>\n\t<\/p>\n\t<div class=\"input\">\n\t\t<p><span class=\"wpcf7-form-control-wrap\" data-name=\"Telefono\"><input size=\"40\" maxlength=\"400\" class=\"wpcf7-form-control wpcf7-tel wpcf7-validates-as-required wpcf7-text wpcf7-validates-as-tel tel\" aria-required=\"true\" aria-invalid=\"false\" value=\"55-5555-5555\" type=\"tel\" name=\"Telefono\" \/><\/span>\n\t\t<\/p>\n\t<\/div>\n<\/div>\n<div class=\"field\">\n\t<p class=\"label\"><label> Asunto<\/label>\n\t<\/p>\n\t<div class=\"input\">\n\t\t<p><span class=\"wpcf7-form-control-wrap\" data-name=\"your-subject\"><input size=\"40\" maxlength=\"400\" class=\"wpcf7-form-control wpcf7-text\" aria-invalid=\"false\" value=\"Escribe tu asunto\" type=\"text\" name=\"your-subject\" \/><\/span>\n\t\t<\/p>\n\t<\/div>\n<\/div>\n<div class=\"field\">\n\t<p class=\"label\"><label> Mensaje<\/label>\n\t<\/p>\n\t<div class=\"input\">\n\t\t<p><span class=\"wpcf7-form-control-wrap\" data-name=\"your-message\"><textarea cols=\"40\" rows=\"10\" maxlength=\"2000\" class=\"wpcf7-form-control wpcf7-textarea\" aria-invalid=\"false\" name=\"your-message\">Escribe el mensaje<\/textarea><\/span>\n\t\t<\/p>\n\t<\/div>\n<\/div>\n<div class=\"button text-right\">\n\t<p><input class=\"wpcf7-form-control wpcf7-submit has-spinner\" type=\"submit\" value=\"Enviar\" \/>\n\t<\/p>\n<\/div><div class=\"wpcf7-response-output\" aria-hidden=\"true\"><\/div>\n<\/form>\n<\/div>\n<\/div>\n<\/div>\n<\/div>\n<\/div>\n<div class=\"mapouter\">\n<div class=\"gmap_canvas\"><\/iframe><iframe loading=\"lazy\" width=\"100%\" height=\"600\" id=\"gmap_canvas\" src=\"https:\/\/maps.google.com\/maps?q=Calz%20Acoxpa%20430,%20Coapa,%20Ex-Hacienda%20Coapa,%20Tlalpan,%2014308%20Ciudad%20de%20M\u00e9xico,%20CDMX&#038;t=&#038;z=13&#038;ie=UTF8&#038;iwloc=&#038;output=embed\" frameborder=\"0\" scrolling=\"no\" marginheight=\"0\" marginwidth=\"0\"><\/iframe><a href=\"https:\/\/www.whatismyip-address.com\" alt=\"google map\">whatismyip-address.com<\/a><\/div>\n<\/div>\n<\/div>\n","protected":false},"excerpt":{"rendered":"<p>Cont\u00e1ctame Para obtener mayor informaci\u00f3n, agendar una cita m\u00e9dica para primer diagn\u00f3stico, escr\u00edbeme por e-mail o ll\u00e1mame por tel\u00e9fono +52 1 55 1903-2437 +52 55 5568-0302 +52 55 5135-4174 whatismyip-address.com<\/p>\n","protected":false},"author":1,"featured_media":0,"parent":0,"menu_order":0,"comment_status":"closed","ping_status":"closed","template":"page-home.php","meta":{"_acf_changed":false,"footnotes":""},"class_list":["post-12","page","type-page","status-publish","hentry"],"acf":[],"yoast_head":"<!-- This site is optimized with the Yoast SEO plugin v26.5 - https:\/\/yoast.com\/wordpress\/plugins\/seo\/ -->\n<title>Coloproct\u00f3logo | Dr. Miguel Blas Franco<\/title>\n<meta name=\"description\" content=\"Especialista en Coloproctolog\u00eda. Detecci\u00f3n oportuna y tratamiento a enfermedades de colon, recto y zona anal. Cirug\u00eda de Colon y Recto de M\u00ednima Invasi\u00f3n.\" \/>\n<meta name=\"robots\" content=\"index, follow, max-snippet:-1, max-image-preview:large, max-video-preview:-1\" \/>\n<link rel=\"canonical\" href=\"https:\/\/doctormiguelblas.com\/\" \/>\n<meta property=\"og:locale\" content=\"en_US\" \/>\n<meta property=\"og:type\" content=\"article\" \/>\n<meta property=\"og:title\" content=\"Coloproct\u00f3logo | Dr. Miguel Blas Franco\" \/>\n<meta property=\"og:description\" content=\"Especialista en Coloproctolog\u00eda. Detecci\u00f3n oportuna y tratamiento a enfermedades de colon, recto y zona anal. Cirug\u00eda de Colon y Recto de M\u00ednima Invasi\u00f3n.\" \/>\n<meta property=\"og:url\" content=\"https:\/\/doctormiguelblas.com\/\" \/>\n<meta property=\"og:site_name\" content=\"Dr. Miguel Blas Franco\" \/>\n<meta property=\"article:modified_time\" content=\"2023-05-22T16:32:01+00:00\" \/>\n<meta name=\"twitter:card\" content=\"summary_large_image\" \/>\n<meta name=\"twitter:label1\" content=\"Est. reading time\" \/>\n\t<meta name=\"twitter:data1\" content=\"1 minute\" \/>\n<script type=\"application\/ld+json\" class=\"yoast-schema-graph\">{\"@context\":\"https:\/\/schema.org\",\"@graph\":[{\"@type\":\"WebPage\",\"@id\":\"https:\/\/doctormiguelblas.com\/\",\"url\":\"https:\/\/doctormiguelblas.com\/\",\"name\":\"Coloproct\u00f3logo | Dr. Miguel Blas Franco\",\"isPartOf\":{\"@id\":\"https:\/\/doctormiguelblas.com\/#website\"},\"datePublished\":\"2019-12-10T05:03:33+00:00\",\"dateModified\":\"2023-05-22T16:32:01+00:00\",\"description\":\"Especialista en Coloproctolog\u00eda. Detecci\u00f3n oportuna y tratamiento a enfermedades de colon, recto y zona anal. Cirug\u00eda de Colon y Recto de M\u00ednima Invasi\u00f3n.\",\"breadcrumb\":{\"@id\":\"https:\/\/doctormiguelblas.com\/#breadcrumb\"},\"inLanguage\":\"en-US\",\"potentialAction\":[{\"@type\":\"ReadAction\",\"target\":[\"https:\/\/doctormiguelblas.com\/\"]}]},{\"@type\":\"BreadcrumbList\",\"@id\":\"https:\/\/doctormiguelblas.com\/#breadcrumb\",\"itemListElement\":[{\"@type\":\"ListItem\",\"position\":1,\"name\":\"Inicio\",\"item\":\"https:\/\/doctormiguelblas.com\/\"},{\"@type\":\"ListItem\",\"position\":2,\"name\":\"Coloproct\u00f3logo\"}]},{\"@type\":\"WebSite\",\"@id\":\"https:\/\/doctormiguelblas.com\/#website\",\"url\":\"https:\/\/doctormiguelblas.com\/\",\"name\":\"Dr. Miguel Blas\",\"description\":\"Coloproctologist\",\"publisher\":{\"@id\":\"https:\/\/doctormiguelblas.com\/#\/schema\/person\/f6d700aa37ba0ffd2f91e5b91a779792\"},\"potentialAction\":[{\"@type\":\"SearchAction\",\"target\":{\"@type\":\"EntryPoint\",\"urlTemplate\":\"https:\/\/doctormiguelblas.com\/?s={search_term_string}\"},\"query-input\":{\"@type\":\"PropertyValueSpecification\",\"valueRequired\":true,\"valueName\":\"search_term_string\"}}],\"inLanguage\":\"en-US\"},{\"@type\":[\"Person\",\"Organization\"],\"@id\":\"https:\/\/doctormiguelblas.com\/#\/schema\/person\/f6d700aa37ba0ffd2f91e5b91a779792\",\"name\":\"Dr. Miguel Blas\",\"logo\":{\"@id\":\"https:\/\/doctormiguelblas.com\/#\/schema\/person\/image\/\"}}]}<\/script>\n<!-- \/ Yoast SEO plugin. -->","yoast_head_json":{"title":"Coloproct\u00f3logo | Dr. Miguel Blas Franco","description":"Especialista en Coloproctolog\u00eda. Detecci\u00f3n oportuna y tratamiento a enfermedades de colon, recto y zona anal. Cirug\u00eda de Colon y Recto de M\u00ednima Invasi\u00f3n.","robots":{"index":"index","follow":"follow","max-snippet":"max-snippet:-1","max-image-preview":"max-image-preview:large","max-video-preview":"max-video-preview:-1"},"canonical":"https:\/\/doctormiguelblas.com\/","og_locale":"en_US","og_type":"article","og_title":"Coloproct\u00f3logo | Dr. Miguel Blas Franco","og_description":"Especialista en Coloproctolog\u00eda. Detecci\u00f3n oportuna y tratamiento a enfermedades de colon, recto y zona anal. Cirug\u00eda de Colon y Recto de M\u00ednima Invasi\u00f3n.","og_url":"https:\/\/doctormiguelblas.com\/","og_site_name":"Dr. Miguel Blas Franco","article_modified_time":"2023-05-22T16:32:01+00:00","twitter_card":"summary_large_image","twitter_misc":{"Est. reading time":"1 minute"},"schema":{"@context":"https:\/\/schema.org","@graph":[{"@type":"WebPage","@id":"https:\/\/doctormiguelblas.com\/","url":"https:\/\/doctormiguelblas.com\/","name":"Coloproct\u00f3logo | Dr. Miguel Blas Franco","isPartOf":{"@id":"https:\/\/doctormiguelblas.com\/#website"},"datePublished":"2019-12-10T05:03:33+00:00","dateModified":"2023-05-22T16:32:01+00:00","description":"Especialista en Coloproctolog\u00eda. Detecci\u00f3n oportuna y tratamiento a enfermedades de colon, recto y zona anal. Cirug\u00eda de Colon y Recto de M\u00ednima Invasi\u00f3n.","breadcrumb":{"@id":"https:\/\/doctormiguelblas.com\/#breadcrumb"},"inLanguage":"en-US","potentialAction":[{"@type":"ReadAction","target":["https:\/\/doctormiguelblas.com\/"]}]},{"@type":"BreadcrumbList","@id":"https:\/\/doctormiguelblas.com\/#breadcrumb","itemListElement":[{"@type":"ListItem","position":1,"name":"Inicio","item":"https:\/\/doctormiguelblas.com\/"},{"@type":"ListItem","position":2,"name":"Coloproct\u00f3logo"}]},{"@type":"WebSite","@id":"https:\/\/doctormiguelblas.com\/#website","url":"https:\/\/doctormiguelblas.com\/","name":"Dr. Miguel Blas","description":"Coloproctologist","publisher":{"@id":"https:\/\/doctormiguelblas.com\/#\/schema\/person\/f6d700aa37ba0ffd2f91e5b91a779792"},"potentialAction":[{"@type":"SearchAction","target":{"@type":"EntryPoint","urlTemplate":"https:\/\/doctormiguelblas.com\/?s={search_term_string}"},"query-input":{"@type":"PropertyValueSpecification","valueRequired":true,"valueName":"search_term_string"}}],"inLanguage":"en-US"},{"@type":["Person","Organization"],"@id":"https:\/\/doctormiguelblas.com\/#\/schema\/person\/f6d700aa37ba0ffd2f91e5b91a779792","name":"Dr. Miguel Blas","logo":{"@id":"https:\/\/doctormiguelblas.com\/#\/schema\/person\/image\/"}}]}},"jetpack_sharing_enabled":true,"_links":{"self":[{"href":"https:\/\/doctormiguelblas.com\/en_US\/wp-json\/wp\/v2\/pages\/12","targetHints":{"allow":["GET"]}}],"collection":[{"href":"https:\/\/doctormiguelblas.com\/en_US\/wp-json\/wp\/v2\/pages"}],"about":[{"href":"https:\/\/doctormiguelblas.com\/en_US\/wp-json\/wp\/v2\/types\/page"}],"author":[{"embeddable":true,"href":"https:\/\/doctormiguelblas.com\/en_US\/wp-json\/wp\/v2\/users\/1"}],"replies":[{"embeddable":true,"href":"https:\/\/doctormiguelblas.com\/en_US\/wp-json\/wp\/v2\/comments?post=12"}],"version-history":[{"count":10,"href":"https:\/\/doctormiguelblas.com\/en_US\/wp-json\/wp\/v2\/pages\/12\/revisions"}],"predecessor-version":[{"id":164,"href":"https:\/\/doctormiguelblas.com\/en_US\/wp-json\/wp\/v2\/pages\/12\/revisions\/164"}],"wp:attachment":[{"href":"https:\/\/doctormiguelblas.com\/en_US\/wp-json\/wp\/v2\/media?parent=12"}],"curies":[{"name":"wp","href":"https:\/\/api.w.org\/{rel}","templated":true}]}}