{"id":20,"date":"2019-12-10T05:06:22","date_gmt":"2019-12-10T05:06:22","guid":{"rendered":"https:\/\/doctormiguelblas.com\/?page_id=20"},"modified":"2019-12-10T07:09:40","modified_gmt":"2019-12-10T07:09:40","slug":"publicaciones","status":"publish","type":"page","link":"https:\/\/doctormiguelblas.com\/en_US\/publicaciones\/","title":{"rendered":"Published"},"content":{"rendered":"<div class=\"container-published\">\n<p>\n\t1.- Blas-Franco M, Valenzuela-Salazar C, De la Concha-Blankenagel E. Stapled Transanal longitudinal posterior proctectomy (STALPP) in total rectal prolapse: a 7-year experience. Techniques in Coloproctology February 2014, Volume 18 pag. 173-178. <a target=\"_blank\" class=\"link-externo\" href=\"https:\/\/www.researchgate.net\/profile\/Carlos_Valenzuela-Salazar\/publication\/236921063_Stapled_transanal_longitudinal_posterior_proctectomy_STALPP_in_total_rectal_prolapse_A_7-year_experience\/links\/56a5496608aeef24c58bdc13\/Stapled-transanal-longitudinal-posterior-proctectomy-STALPP-in-total-rectal-prolapse-A-7-year-experience.pdf?origin=publication_list\" rel=\"noopener noreferrer\">Leer en sitio externo <span>><\/span><\/a>\n<\/p>\n<hr>\n<p>\n\t2.- Blas-Franco M. T\u00e9llez PD, Arenas OJ, Vel\u00e1zquez GJA, Pichardo FMA, Delgadillo TGH et al. Cirug\u00eda de m\u00ednima invasi\u00f3n aplicada a las enfermedades de colon y recto. Experiencia de 6 a\u00f1os en dos instituciones de salud en la ciudad de M\u00e9xico. Rev. Mex Cir Endoscop 2011;12 (4): 160-167. <a target=\"_blank\" class=\"link-externo\" href=\"https:\/\/www.researchgate.net\/publication\/316583869_Cirugia_de_minima_invasion_en_la_enfermedad_inflamatoria_intestinal_y_el_estado_actual_en_Mexico_Minimally_invasive_surgery_for_inflammatory_bowel_disease_and_the_current_status_in_Mexico\" rel=\"noopener noreferrer\">Leer en sitio externo <span>><\/span><\/a>\n<\/p>\n<hr>\n<p>\n\t3.- Blas-Franco M, Delano-Alonso R, Pichardo FMA, Valenzuela SC, Herrera EJJ, Mu\u00f1oz GR y coles. Estomas por cirug\u00eda de m\u00ednima invasi\u00f3n, experiencia de cinco a\u00f1os, una alternativa quir\u00fargica segura. Rev. Mex Cir Endoscop 2010;11 (3): 120-128. <a target=\"_blank\" class=\"link-externo\" href=\"https:\/\/www.medigraphic.com\/pdfs\/endosco\/ce-2010\/ce103b.pdf\" rel=\"noopener noreferrer\">Leer en sitio externo <span>><\/span><\/a>\n<\/p>\n<hr>\n<p>\n\t4.- Blas-Franco M, T\u00e9llez PD, Arenas OJ, Pichardo FMA, Vel\u00e1zquez GJA, Delgadillo TGH y coles. Verificaci\u00f3n transoperatoria por videocolonoscopia de anastomosis en cirug\u00eda colorrectal por m\u00ednima invasi\u00f3n. Rev. Mex Cir Endoscop 2011; 12 (4): 168-173. <a target=\"_blank\" class=\"link-externo\" href=\"https:\/\/www.researchgate.net\/publication\/283123616_Verificacion_transoperatoria_por_videocolonoscopia_de_anastomosis_colorrectal_en_cirugia_colorrectal_por_minima_invasion_Experiencia_de_6_anos\" rel=\"noopener noreferrer\">Leer en sitio externo <span>><\/span><\/a>\n<\/p>\n<hr>\n<p>\n\t5. &#8211; Blas Franco M, Rangel PJH, Almeraya OJ, Pichardo FMA. Manejo quirurgico del prolapso rectal completo: complicaciones en cirug\u00eda de m\u00ednima invasion versus cirug\u00eda abierta. Rev Mex de Cir Endoscop; Vol. 9, No. 3, Jul-Sep. 2008, 97-104. <a target=\"_blank\" class=\"link-externo\" href=\"https:\/\/www.medigraphic.com\/pdfs\/endosco\/ce-2008\/ce083c.pdf\" rel=\"noopener noreferrer\">Leer en sitio externo <span>><\/span><\/a>\n<\/p>\n<hr>\n<p>\n\t6.- Almeraya OJ, Blas FM, Pichardo FMA. Resultados a largo plazo en el manejo quirurgico del cancer de recto: supervivencia a 5 a\u00f1os. Cir Gen. 2014;36(4):225-231. <a target=\"_blank\" class=\"link-externo\" href=\"https:\/\/www.elsevier.es\/es-revista-cirujano-general-218-articulo-resultados-largo-plazo-el-manejo-X1405009914739746\" rel=\"noopener noreferrer\">Leer en sitio externo <span>><\/span><\/a>\n<\/p>\n<hr>\n<p>\n\t7.- Valenzuela-Salazar C, Orozco-Tapia LM, De la Concha-Blangenagel E, Gallardo-Ramirez MA, Blas-Franco M, Cardenas- Lailson E. Diverticulitis de Sigmoides en adolescente. Reporte de un caso. Cir Cir 2013; 81: 445-449. <a target=\"_blank\" class=\"link-externo\" href=\"https:\/\/www.medigraphic.com\/pdfs\/circir\/cc-2013\/cc135m.pdf\" rel=\"noopener noreferrer\">Leer en sitio externo <span>><\/span><\/a>\n<\/p>\n<hr>\n<p>\n\t8.- Dominguez-Guzaman DJ, Moreno-Portillo M, Garcia-Florez C, Blas-Franco M.<br \/>\nDrenaje laparosc\u00f3pico de absceso hep\u00e1tico. Experiencia inicial. Cir Cir 2006, Volumen 74, No. 3, pag. 189-194. <a target=\"_blank\" class=\"link-externo\" href=\"https:\/\/www.medigraphic.com\/pdfs\/circir\/cc-2006\/cc063h.pdf\" rel=\"noopener noreferrer\">Leer en sitio externo <span>><\/span><\/a>\n<\/p>\n<hr>\n<p>\n\t9.- Trejo-\u00c1vila ME, Rodr\u00edguez-Parra A, D\u00edaz-Flores A, Arce-Li\u00e9vano E, Blas-Franco M, Romero-Loera S, Moreno-Portillo M. Comparison between negative pressure wound therapy and conventional wound care after extensive surgical debridement in patients with Fournier\u00b4s gangrene. Clinics in Surgery. 2017; 2:1335. <a target=\"_blank\" class=\"link-externo\" href=\"http:\/\/www.clinicsinsurgery.com\/full-text\/cis-v2-id1335.php\nhttps:\/\/www.researchgate.net\/publication\/315735120_Comparison_between_Negative_Pressure_Wound_Therapy_and_Conventional_Wound_Care_after_Extensive_Surgical_Debridement_in_Patients_with_Fournier's_Gangrene\" rel=\"noopener noreferrer\">Leer en sitio externo <span>><\/span><\/a>\n<\/p>\n<hr>\n<p>\n\t10.- Trejo-Avila ME, Blas-Franco M, Juarez-Salazar D, Valenzuela-Salazar C, Arce-Li\u00e9vano E, Romero-Loera S. Abordaje y Tratamiento del Trauma de Abdomen con Perforaci\u00f3n de Colon Mediante Cirug\u00eda de M\u00ednima Acceso. Cirug\u00eda Endosc\u00f3pica 2016; 17 (4): 179-183. <a target=\"_blank\" class=\"link-externo\" href=\"https:\/\/www.medigraphic.com\/pdfs\/endosco\/ce-2016\/ce164c.pdf\" rel=\"noopener noreferrer\">Leer en sitio externo <span>><\/span><\/a>\n<\/p>\n<hr>\n<p>\n\t11.- Blas-Franco M, Trejo-Avila ME, Mendoza-Velez MA, Reyes-Elizondo C, Valenzuela-Salazar C, Pichardo-Farf\u00e1n MA. Cirug\u00eda de M\u00ednima Invasi\u00f3n en la Enfermedad Inflamatoria Intestinal y el Estado Actual en M\u00e9xico. Rev Mex de Cirug\u00eda del Aparato Digestivo 2017; 6(1): 20-25. <a target=\"_blank\" class=\"link-externo\" href=\"https:\/\/www.researchgate.net\/publication\/316583869_Cirugia_de_minima_invasion_en_la_enfermedad_inflamatoria_intestinal_y_el_estado_actual_en_Mexico_Minimally_invasive_surgery_for_inflammatory_bowel_disease_and_the_current_status_in_Mexico\" rel=\"noopener noreferrer\">Leer en sitio externo <span>><\/span><\/a>\n<\/p>\n<hr>\n<p>\n\t12.- Pichardo Farfan MA, Blas Franco M, Figueroa RMA, Reyes EC, Pasillas FMA, Cruz CU.<br \/>\nFistula coloenterouterina secundaria a enfermedad diverticular complicada. Rev Mex Cirug Apar Diges 2016; 145-149. <a target=\"_blank\" class=\"link-externo\" href=\"http:\/\/www.imbiomed.com.mx\/1\/1\/articulos.php?method=showDetail&amp;id_articulo=108468&amp;id_seccion=5128&amp;id_ejemplar=10569&amp;id_revista=336\" rel=\"noopener noreferrer\">Leer en sitio externo <span>><\/span><\/a>\n<\/p>\n<hr>\n<p>\n\t13.- Trejo-\u00c1vila ME, Romero-Loera S, C\u00e1rdenas-Lailson E, Blas-Franco M, Delano-Alonso R, Valenzuela-Salazar C. Enhanced recovery after surgery prococol allows ambulatory laparoscopic appendicetomy in uncomplicated acude apendicitis: a prospective, randized trial.\u00a0Surg Endosc. 2019 Feb;33(2):429-436. doi: 10.1007\/s00464-018-6315-9. PMID: 29987566. <a target=\"_blank\" class=\"link-externo\" href=\"https:\/\/www.readcube.com\/articles\/10.1007\/s00464-018-6315-9\" rel=\"noopener noreferrer\">Leer en sitio externo <span>><\/span><\/a>\n<\/p>\n<\/div>\n<div class=\"slider-page-content slider-fixed\">\n<p><img loading=\"lazy\" decoding=\"async\" src=\"https:\/\/doctormiguelblas.com\/wp-content\/uploads\/2019\/12\/slide02-image-01.jpg\" alt=\"\" width=\"1920\" height=\"1080\" class=\"alignnone size-full wp-image-311\" \/><\/p>\n<p><img loading=\"lazy\" decoding=\"async\" src=\"https:\/\/doctormiguelblas.com\/wp-content\/uploads\/2019\/12\/slide02-image-02.jpg\" alt=\"\" width=\"1920\" height=\"1080\" class=\"alignnone size-full wp-image-312\" \/><\/p>\n<p><img loading=\"lazy\" decoding=\"async\" src=\"https:\/\/doctormiguelblas.com\/wp-content\/uploads\/2019\/12\/slide02-image-03.jpg\" alt=\"\" width=\"1920\" height=\"1080\" class=\"alignnone size-full wp-image-313\" \/><\/p>\n<p><img loading=\"lazy\" decoding=\"async\" src=\"https:\/\/doctormiguelblas.com\/wp-content\/uploads\/2019\/12\/slide02-image-04.jpg\" alt=\"\" width=\"1920\" height=\"1080\" class=\"alignnone size-full wp-image-314\" \/><\/p>\n<p><img loading=\"lazy\" decoding=\"async\" src=\"https:\/\/doctormiguelblas.com\/wp-content\/uploads\/2019\/12\/slide02-image-05.jpg\" alt=\"\" width=\"1920\" height=\"1080\" class=\"alignnone size-full wp-image-315\" \/><\/p>\n<p><img loading=\"lazy\" decoding=\"async\" src=\"https:\/\/doctormiguelblas.com\/wp-content\/uploads\/2019\/12\/slide02-image-06.jpg\" alt=\"\" width=\"1920\" height=\"1080\" class=\"alignnone size-full wp-image-316\" \/><\/p>\n<p><img loading=\"lazy\" decoding=\"async\" src=\"https:\/\/doctormiguelblas.com\/wp-content\/uploads\/2019\/12\/slide02-image-07.jpg\" alt=\"\" width=\"1920\" height=\"1080\" class=\"alignnone size-full wp-image-317\" \/><\/p>\n<\/div>\n","protected":false},"excerpt":{"rendered":"<p>1.- Blas-Franco M, Valenzuela-Salazar C, De la Concha-Blankenagel E. Stapled Transanal longitudinal posterior proctectomy (STALPP) in total rectal prolapse: a 7-year experience. Techniques in Coloproctology February 2014, Volume 18 pag. 173-178. Leer en sitio externo > 2.- Blas-Franco M. T\u00e9llez PD, Arenas OJ, Vel\u00e1zquez GJA, Pichardo FMA, Delgadillo TGH et al. Cirug\u00eda de m\u00ednima invasi\u00f3n [&hellip;]<\/p>\n","protected":false},"author":1,"featured_media":0,"parent":0,"menu_order":0,"comment_status":"closed","ping_status":"closed","template":"","meta":{"_acf_changed":false,"footnotes":""},"class_list":["post-20","page","type-page","status-publish","hentry"],"acf":[],"yoast_head":"<!-- This site is optimized with the Yoast SEO plugin v26.5 - https:\/\/yoast.com\/wordpress\/plugins\/seo\/ -->\n<title>Publicaciones | Dr. Miguel Blas Franco<\/title>\n<meta name=\"robots\" content=\"index, follow, max-snippet:-1, max-image-preview:large, max-video-preview:-1\" \/>\n<link rel=\"canonical\" href=\"https:\/\/doctormiguelblas.com\/publicaciones\/\" \/>\n<meta property=\"og:locale\" content=\"en_US\" \/>\n<meta property=\"og:type\" content=\"article\" \/>\n<meta property=\"og:title\" content=\"Publicaciones | Dr. Miguel Blas Franco\" \/>\n<meta property=\"og:description\" content=\"1.- Blas-Franco M, Valenzuela-Salazar C, De la Concha-Blankenagel E. Stapled Transanal longitudinal posterior proctectomy (STALPP) in total rectal prolapse: a 7-year experience. Techniques in Coloproctology February 2014, Volume 18 pag. 173-178. Leer en sitio externo &gt; 2.- Blas-Franco M. T\u00e9llez PD, Arenas OJ, Vel\u00e1zquez GJA, Pichardo FMA, Delgadillo TGH et al. Cirug\u00eda de m\u00ednima invasi\u00f3n [&hellip;]\" \/>\n<meta property=\"og:url\" content=\"https:\/\/doctormiguelblas.com\/publicaciones\/\" \/>\n<meta property=\"og:site_name\" content=\"Dr. Miguel Blas Franco\" \/>\n<meta property=\"article:modified_time\" content=\"2019-12-10T07:09:40+00:00\" \/>\n<meta property=\"og:image\" content=\"https:\/\/doctormiguelblas.com\/wp-content\/uploads\/2019\/12\/slide02-image-01.jpg\" \/>\n<meta name=\"twitter:card\" content=\"summary_large_image\" \/>\n<meta name=\"twitter:label1\" content=\"Est. reading time\" \/>\n\t<meta name=\"twitter:data1\" content=\"3 minutes\" \/>\n<script type=\"application\/ld+json\" class=\"yoast-schema-graph\">{\"@context\":\"https:\/\/schema.org\",\"@graph\":[{\"@type\":\"WebPage\",\"@id\":\"https:\/\/doctormiguelblas.com\/publicaciones\/\",\"url\":\"https:\/\/doctormiguelblas.com\/publicaciones\/\",\"name\":\"Publicaciones | Dr. Miguel Blas Franco\",\"isPartOf\":{\"@id\":\"https:\/\/doctormiguelblas.com\/#website\"},\"primaryImageOfPage\":{\"@id\":\"https:\/\/doctormiguelblas.com\/publicaciones\/#primaryimage\"},\"image\":{\"@id\":\"https:\/\/doctormiguelblas.com\/publicaciones\/#primaryimage\"},\"thumbnailUrl\":\"https:\/\/doctormiguelblas.com\/wp-content\/uploads\/2019\/12\/slide02-image-01.jpg\",\"datePublished\":\"2019-12-10T05:06:22+00:00\",\"dateModified\":\"2019-12-10T07:09:40+00:00\",\"breadcrumb\":{\"@id\":\"https:\/\/doctormiguelblas.com\/publicaciones\/#breadcrumb\"},\"inLanguage\":\"en-US\",\"potentialAction\":[{\"@type\":\"ReadAction\",\"target\":[\"https:\/\/doctormiguelblas.com\/publicaciones\/\"]}]},{\"@type\":\"ImageObject\",\"inLanguage\":\"en-US\",\"@id\":\"https:\/\/doctormiguelblas.com\/publicaciones\/#primaryimage\",\"url\":\"https:\/\/doctormiguelblas.com\/wp-content\/uploads\/2019\/12\/slide02-image-01.jpg\",\"contentUrl\":\"https:\/\/doctormiguelblas.com\/wp-content\/uploads\/2019\/12\/slide02-image-01.jpg\"},{\"@type\":\"BreadcrumbList\",\"@id\":\"https:\/\/doctormiguelblas.com\/publicaciones\/#breadcrumb\",\"itemListElement\":[{\"@type\":\"ListItem\",\"position\":1,\"name\":\"Inicio\",\"item\":\"https:\/\/doctormiguelblas.com\/\"},{\"@type\":\"ListItem\",\"position\":2,\"name\":\"Publicaciones\"}]},{\"@type\":\"WebSite\",\"@id\":\"https:\/\/doctormiguelblas.com\/#website\",\"url\":\"https:\/\/doctormiguelblas.com\/\",\"name\":\"Dr. Miguel Blas\",\"description\":\"Coloproctologist\",\"publisher\":{\"@id\":\"https:\/\/doctormiguelblas.com\/#\/schema\/person\/f6d700aa37ba0ffd2f91e5b91a779792\"},\"potentialAction\":[{\"@type\":\"SearchAction\",\"target\":{\"@type\":\"EntryPoint\",\"urlTemplate\":\"https:\/\/doctormiguelblas.com\/?s={search_term_string}\"},\"query-input\":{\"@type\":\"PropertyValueSpecification\",\"valueRequired\":true,\"valueName\":\"search_term_string\"}}],\"inLanguage\":\"en-US\"},{\"@type\":[\"Person\",\"Organization\"],\"@id\":\"https:\/\/doctormiguelblas.com\/#\/schema\/person\/f6d700aa37ba0ffd2f91e5b91a779792\",\"name\":\"Dr. Miguel Blas\",\"logo\":{\"@id\":\"https:\/\/doctormiguelblas.com\/#\/schema\/person\/image\/\"}}]}<\/script>\n<!-- \/ Yoast SEO plugin. -->","yoast_head_json":{"title":"Publicaciones | Dr. Miguel Blas Franco","robots":{"index":"index","follow":"follow","max-snippet":"max-snippet:-1","max-image-preview":"max-image-preview:large","max-video-preview":"max-video-preview:-1"},"canonical":"https:\/\/doctormiguelblas.com\/publicaciones\/","og_locale":"en_US","og_type":"article","og_title":"Publicaciones | Dr. Miguel Blas Franco","og_description":"1.- Blas-Franco M, Valenzuela-Salazar C, De la Concha-Blankenagel E. Stapled Transanal longitudinal posterior proctectomy (STALPP) in total rectal prolapse: a 7-year experience. Techniques in Coloproctology February 2014, Volume 18 pag. 173-178. Leer en sitio externo > 2.- Blas-Franco M. T\u00e9llez PD, Arenas OJ, Vel\u00e1zquez GJA, Pichardo FMA, Delgadillo TGH et al. Cirug\u00eda de m\u00ednima invasi\u00f3n [&hellip;]","og_url":"https:\/\/doctormiguelblas.com\/publicaciones\/","og_site_name":"Dr. Miguel Blas Franco","article_modified_time":"2019-12-10T07:09:40+00:00","og_image":[{"url":"https:\/\/doctormiguelblas.com\/wp-content\/uploads\/2019\/12\/slide02-image-01.jpg","type":"","width":"","height":""}],"twitter_card":"summary_large_image","twitter_misc":{"Est. reading time":"3 minutes"},"schema":{"@context":"https:\/\/schema.org","@graph":[{"@type":"WebPage","@id":"https:\/\/doctormiguelblas.com\/publicaciones\/","url":"https:\/\/doctormiguelblas.com\/publicaciones\/","name":"Publicaciones | Dr. Miguel Blas Franco","isPartOf":{"@id":"https:\/\/doctormiguelblas.com\/#website"},"primaryImageOfPage":{"@id":"https:\/\/doctormiguelblas.com\/publicaciones\/#primaryimage"},"image":{"@id":"https:\/\/doctormiguelblas.com\/publicaciones\/#primaryimage"},"thumbnailUrl":"https:\/\/doctormiguelblas.com\/wp-content\/uploads\/2019\/12\/slide02-image-01.jpg","datePublished":"2019-12-10T05:06:22+00:00","dateModified":"2019-12-10T07:09:40+00:00","breadcrumb":{"@id":"https:\/\/doctormiguelblas.com\/publicaciones\/#breadcrumb"},"inLanguage":"en-US","potentialAction":[{"@type":"ReadAction","target":["https:\/\/doctormiguelblas.com\/publicaciones\/"]}]},{"@type":"ImageObject","inLanguage":"en-US","@id":"https:\/\/doctormiguelblas.com\/publicaciones\/#primaryimage","url":"https:\/\/doctormiguelblas.com\/wp-content\/uploads\/2019\/12\/slide02-image-01.jpg","contentUrl":"https:\/\/doctormiguelblas.com\/wp-content\/uploads\/2019\/12\/slide02-image-01.jpg"},{"@type":"BreadcrumbList","@id":"https:\/\/doctormiguelblas.com\/publicaciones\/#breadcrumb","itemListElement":[{"@type":"ListItem","position":1,"name":"Inicio","item":"https:\/\/doctormiguelblas.com\/"},{"@type":"ListItem","position":2,"name":"Publicaciones"}]},{"@type":"WebSite","@id":"https:\/\/doctormiguelblas.com\/#website","url":"https:\/\/doctormiguelblas.com\/","name":"Dr. Miguel Blas","description":"Coloproctologist","publisher":{"@id":"https:\/\/doctormiguelblas.com\/#\/schema\/person\/f6d700aa37ba0ffd2f91e5b91a779792"},"potentialAction":[{"@type":"SearchAction","target":{"@type":"EntryPoint","urlTemplate":"https:\/\/doctormiguelblas.com\/?s={search_term_string}"},"query-input":{"@type":"PropertyValueSpecification","valueRequired":true,"valueName":"search_term_string"}}],"inLanguage":"en-US"},{"@type":["Person","Organization"],"@id":"https:\/\/doctormiguelblas.com\/#\/schema\/person\/f6d700aa37ba0ffd2f91e5b91a779792","name":"Dr. Miguel Blas","logo":{"@id":"https:\/\/doctormiguelblas.com\/#\/schema\/person\/image\/"}}]}},"jetpack_sharing_enabled":true,"_links":{"self":[{"href":"https:\/\/doctormiguelblas.com\/en_US\/wp-json\/wp\/v2\/pages\/20","targetHints":{"allow":["GET"]}}],"collection":[{"href":"https:\/\/doctormiguelblas.com\/en_US\/wp-json\/wp\/v2\/pages"}],"about":[{"href":"https:\/\/doctormiguelblas.com\/en_US\/wp-json\/wp\/v2\/types\/page"}],"author":[{"embeddable":true,"href":"https:\/\/doctormiguelblas.com\/en_US\/wp-json\/wp\/v2\/users\/1"}],"replies":[{"embeddable":true,"href":"https:\/\/doctormiguelblas.com\/en_US\/wp-json\/wp\/v2\/comments?post=20"}],"version-history":[{"count":3,"href":"https:\/\/doctormiguelblas.com\/en_US\/wp-json\/wp\/v2\/pages\/20\/revisions"}],"predecessor-version":[{"id":92,"href":"https:\/\/doctormiguelblas.com\/en_US\/wp-json\/wp\/v2\/pages\/20\/revisions\/92"}],"wp:attachment":[{"href":"https:\/\/doctormiguelblas.com\/en_US\/wp-json\/wp\/v2\/media?parent=20"}],"curies":[{"name":"wp","href":"https:\/\/api.w.org\/{rel}","templated":true}]}}